{"id":3935,"date":"2025-02-02T00:29:53","date_gmt":"2025-02-02T00:29:53","guid":{"rendered":"https:\/\/retosmtbcolombia.com\/?page_id=3935"},"modified":"2025-02-02T22:41:55","modified_gmt":"2025-02-02T22:41:55","slug":"reto-mtb-mariquita-libano-2025","status":"publish","type":"page","link":"https:\/\/retosmtbcolombia.com\/index.php\/reto-mtb-mariquita-libano-2025\/","title":{"rendered":"Reto MTB Mariquita &#8211; L\u00edbano 2025"},"content":{"rendered":"\t\t<div data-elementor-type=\"wp-page\" data-elementor-id=\"3935\" class=\"elementor elementor-3935\">\n\t\t\t\t<div class=\"elementor-element elementor-element-ee93407 e-flex e-con-boxed e-con e-parent\" data-id=\"ee93407\" data-element_type=\"container\" data-e-type=\"container\">\n\t\t\t\t\t<div class=\"e-con-inner\">\n\t\t\t\t<div class=\"elementor-element elementor-element-1cb9f07 elementor-widget elementor-widget-heading\" data-id=\"1cb9f07\" data-element_type=\"widget\" data-e-type=\"widget\" data-widget_type=\"heading.default\">\n\t\t\t\t<div class=\"elementor-widget-container\">\n\t\t\t\t\t<h2 class=\"elementor-heading-title elementor-size-default\"> Inscripci\u00f3n B\u00e1sica  Reto  Mariquita - Letras septiembre\u00a014\n<\/h2>\t\t\t\t<\/div>\n\t\t\t\t<\/div>\n\t\t\t\t\t<\/div>\n\t\t\t\t<\/div>\n\t\t<div class=\"elementor-element elementor-element-c27157b e-flex e-con-boxed e-con e-parent\" data-id=\"c27157b\" data-element_type=\"container\" data-e-type=\"container\">\n\t\t\t\t\t<div class=\"e-con-inner\">\n\t\t\t\t<div class=\"elementor-element elementor-element-0810195 elementor-widget elementor-widget-heading\" data-id=\"0810195\" data-element_type=\"widget\" data-e-type=\"widget\" data-widget_type=\"heading.default\">\n\t\t\t\t<div class=\"elementor-widget-container\">\n\t\t\t\t\t<h2 class=\"elementor-heading-title elementor-size-default\">Valor $50.000 hasta el 10 de Febrero A partir del 11 de Febrero $100.000<\/h2>\t\t\t\t<\/div>\n\t\t\t\t<\/div>\n\t\t\t\t\t<\/div>\n\t\t\t\t<\/div>\n\t\t<div class=\"elementor-element elementor-element-06724f9 e-flex e-con-boxed e-con e-parent\" data-id=\"06724f9\" data-element_type=\"container\" data-e-type=\"container\">\n\t\t\t\t\t<div class=\"e-con-inner\">\n\t\t<div class=\"elementor-element elementor-element-656b1c2 e-con-full e-flex e-con e-child\" data-id=\"656b1c2\" data-element_type=\"container\" data-e-type=\"container\">\n\t\t\t\t<div class=\"elementor-element elementor-element-e1e6370 e-transform elementor-widget elementor-widget-image\" data-id=\"e1e6370\" data-element_type=\"widget\" data-e-type=\"widget\" data-settings=\"{&quot;_transform_scale_effect&quot;:{&quot;unit&quot;:&quot;px&quot;,&quot;size&quot;:0.6,&quot;sizes&quot;:[]},&quot;_transform_scale_effect_tablet&quot;:{&quot;unit&quot;:&quot;px&quot;,&quot;size&quot;:&quot;&quot;,&quot;sizes&quot;:[]},&quot;_transform_scale_effect_mobile&quot;:{&quot;unit&quot;:&quot;px&quot;,&quot;size&quot;:&quot;&quot;,&quot;sizes&quot;:[]}}\" data-widget_type=\"image.default\">\n\t\t\t\t<div class=\"elementor-widget-container\">\n\t\t\t\t\t\t\t\t\t\t\t\t\t\t\t<img fetchpriority=\"high\" decoding=\"async\" width=\"1024\" height=\"1024\" src=\"https:\/\/retosmtbcolombia.com\/wp-content\/uploads\/2025\/02\/Imagen-de-WhatsApp-2025-01-31-a-las-15.16.35_f0174c2b-1024x1024.jpg\" class=\"attachment-large size-large wp-image-3939\" alt=\"\" srcset=\"https:\/\/retosmtbcolombia.com\/wp-content\/uploads\/2025\/02\/Imagen-de-WhatsApp-2025-01-31-a-las-15.16.35_f0174c2b-1024x1024.jpg 1024w, https:\/\/retosmtbcolombia.com\/wp-content\/uploads\/2025\/02\/Imagen-de-WhatsApp-2025-01-31-a-las-15.16.35_f0174c2b-300x300.jpg 300w, https:\/\/retosmtbcolombia.com\/wp-content\/uploads\/2025\/02\/Imagen-de-WhatsApp-2025-01-31-a-las-15.16.35_f0174c2b-150x150.jpg 150w, https:\/\/retosmtbcolombia.com\/wp-content\/uploads\/2025\/02\/Imagen-de-WhatsApp-2025-01-31-a-las-15.16.35_f0174c2b-768x768.jpg 768w, https:\/\/retosmtbcolombia.com\/wp-content\/uploads\/2025\/02\/Imagen-de-WhatsApp-2025-01-31-a-las-15.16.35_f0174c2b-1536x1536.jpg 1536w, https:\/\/retosmtbcolombia.com\/wp-content\/uploads\/2025\/02\/Imagen-de-WhatsApp-2025-01-31-a-las-15.16.35_f0174c2b-1320x1320.jpg 1320w, https:\/\/retosmtbcolombia.com\/wp-content\/uploads\/2025\/02\/Imagen-de-WhatsApp-2025-01-31-a-las-15.16.35_f0174c2b-600x600.jpg 600w, https:\/\/retosmtbcolombia.com\/wp-content\/uploads\/2025\/02\/Imagen-de-WhatsApp-2025-01-31-a-las-15.16.35_f0174c2b-100x100.jpg 100w, https:\/\/retosmtbcolombia.com\/wp-content\/uploads\/2025\/02\/Imagen-de-WhatsApp-2025-01-31-a-las-15.16.35_f0174c2b.jpg 1600w\" sizes=\"(max-width: 1024px) 100vw, 1024px\" \/>\t\t\t\t\t\t\t\t\t\t\t\t\t\t\t<\/div>\n\t\t\t\t<\/div>\n\t\t\t\t<div class=\"elementor-element elementor-element-39bbd17 elementor-align-center elementor-widget elementor-widget-button\" data-id=\"39bbd17\" data-element_type=\"widget\" data-e-type=\"widget\" data-widget_type=\"button.default\">\n\t\t\t\t<div class=\"elementor-widget-container\">\n\t\t\t\t\t\t\t\t\t<div class=\"elementor-button-wrapper\">\n\t\t\t\t\t<a class=\"elementor-button elementor-button-link elementor-size-sm\" href=\"https:\/\/retosmtbcolombia.com\/index.php\/producto\/inscripcion-reto-mtb-mariquita-libano\/\">\n\t\t\t\t\t\t<span class=\"elementor-button-content-wrapper\">\n\t\t\t\t\t\t\t\t\t<span class=\"elementor-button-text\">$50.000<\/span>\n\t\t\t\t\t<\/span>\n\t\t\t\t\t<\/a>\n\t\t\t\t<\/div>\n\t\t\t\t\t\t\t\t<\/div>\n\t\t\t\t<\/div>\n\t\t\t\t<\/div>\n\t\t<div class=\"elementor-element elementor-element-8448cab e-con-full e-flex e-con e-child\" data-id=\"8448cab\" data-element_type=\"container\" data-e-type=\"container\">\n\t\t\t\t<div class=\"elementor-element elementor-element-3d242bb elementor-widget elementor-widget-text-editor\" data-id=\"3d242bb\" data-element_type=\"widget\" data-e-type=\"widget\" data-widget_type=\"text-editor.default\">\n\t\t\t\t<div class=\"elementor-widget-container\">\n\t\t\t\t\t\t\t\t\t<h1><strong>INCLUYE<\/strong><\/h1><ol><li>Medalla<\/li><li>Altimetr\u00eda<\/li><li>Tula<\/li><li>Tablero<\/li><li>Chip (Cronometraje electr\u00f3nico)<\/li><li>Seguro de accidentes<\/li><li>Carama\u00f1ola<\/li><li>Manilla<\/li><li>Lubricante cadena<\/li><li>Hidrataci\u00f3n<\/li><li>Mec\u00e1nica<\/li><li>Ficha Oficial De Inscripci\u00f3n<\/li><li>Grupo Whatsapp<\/li><li>Bebida Caliente<\/li><li>Primeros Auxilios<\/li><li>Bono Eleven (20%)<\/li><li>Diploma Digital<\/li><li>Clasificaciones<\/li><li>50% De Descuento en inscripci\u00f3n NUEVO Reto MTB Mariquita &#8211; L\u00edbano (junio 1)<\/li><\/ol>\t\t\t\t\t\t\t\t<\/div>\n\t\t\t\t<\/div>\n\t\t\t\t<\/div>\n\t\t\t\t\t<\/div>\n\t\t\t\t<\/div>\n\t\t\t\t<\/div>\n\t\t","protected":false},"excerpt":{"rendered":"<p>Inscripci\u00f3n B\u00e1sica Reto Mariquita &#8211; Letras septiembre\u00a014 Valor $50.000 hasta el 10 de Febrero A partir del 11 de Febrero $100.000 $50.000 INCLUYE Medalla Altimetr\u00eda Tula Tablero Chip (Cronometraje electr\u00f3nico) Seguro de accidentes Carama\u00f1ola Manilla Lubricante cadena Hidrataci\u00f3n Mec\u00e1nica Ficha Oficial De Inscripci\u00f3n Grupo Whatsapp Bebida Caliente Primeros Auxilios Bono Eleven (20%) Diploma Digital Clasificaciones&hellip;&nbsp;<a href=\"https:\/\/retosmtbcolombia.com\/index.php\/reto-mtb-mariquita-libano-2025\/\" rel=\"bookmark\">Leer m\u00e1s &raquo;<span class=\"screen-reader-text\">Reto MTB Mariquita &#8211; L\u00edbano 2025<\/span><\/a><\/p>\n","protected":false},"author":1,"featured_media":0,"parent":0,"menu_order":0,"comment_status":"closed","ping_status":"closed","template":"page-templates\/template-pagebuilder-full-width.php","meta":{"om_disable_all_campaigns":false,"_monsterinsights_skip_tracking":false,"_monsterinsights_sitenote_active":false,"_monsterinsights_sitenote_note":"","_monsterinsights_sitenote_category":0,"_uf_show_specific_survey":0,"_uf_disable_surveys":false,"neve_meta_sidebar":"","neve_meta_container":"","neve_meta_enable_content_width":"","neve_meta_content_width":0,"neve_meta_title_alignment":"","neve_meta_author_avatar":"","neve_post_elements_order":"","neve_meta_disable_header":"","neve_meta_disable_footer":"","neve_meta_disable_title":"","footnotes":""},"class_list":["post-3935","page","type-page","status-publish","hentry"],"aioseo_notices":[],"jetpack_sharing_enabled":true,"_links":{"self":[{"href":"https:\/\/retosmtbcolombia.com\/index.php\/wp-json\/wp\/v2\/pages\/3935","targetHints":{"allow":["GET"]}}],"collection":[{"href":"https:\/\/retosmtbcolombia.com\/index.php\/wp-json\/wp\/v2\/pages"}],"about":[{"href":"https:\/\/retosmtbcolombia.com\/index.php\/wp-json\/wp\/v2\/types\/page"}],"author":[{"embeddable":true,"href":"https:\/\/retosmtbcolombia.com\/index.php\/wp-json\/wp\/v2\/users\/1"}],"replies":[{"embeddable":true,"href":"https:\/\/retosmtbcolombia.com\/index.php\/wp-json\/wp\/v2\/comments?post=3935"}],"version-history":[{"count":52,"href":"https:\/\/retosmtbcolombia.com\/index.php\/wp-json\/wp\/v2\/pages\/3935\/revisions"}],"predecessor-version":[{"id":4061,"href":"https:\/\/retosmtbcolombia.com\/index.php\/wp-json\/wp\/v2\/pages\/3935\/revisions\/4061"}],"wp:attachment":[{"href":"https:\/\/retosmtbcolombia.com\/index.php\/wp-json\/wp\/v2\/media?parent=3935"}],"curies":[{"name":"wp","href":"https:\/\/api.w.org\/{rel}","templated":true}]}}