{"id":862,"date":"2024-02-17T14:04:58","date_gmt":"2024-02-17T14:04:58","guid":{"rendered":"https:\/\/retosmtbcolombia.com\/?page_id=862"},"modified":"2024-10-02T20:43:06","modified_gmt":"2024-10-02T20:43:06","slug":"reto-mariquita-letras-2024","status":"publish","type":"page","link":"https:\/\/retosmtbcolombia.com\/index.php\/reto-mariquita-letras-2024\/","title":{"rendered":"Reto Mariquita Letras 2024"},"content":{"rendered":"\t\t<div data-elementor-type=\"wp-page\" data-elementor-id=\"862\" class=\"elementor elementor-862\">\n\t\t\t\t<div class=\"elementor-element elementor-element-aa8be5b e-flex e-con-boxed e-con e-parent\" data-id=\"aa8be5b\" data-element_type=\"container\" data-e-type=\"container\">\n\t\t\t\t\t<div class=\"e-con-inner\">\n\t\t\t\t<div class=\"elementor-element elementor-element-762755a elementor-widget elementor-widget-heading\" data-id=\"762755a\" data-element_type=\"widget\" data-e-type=\"widget\" data-widget_type=\"heading.default\">\n\t\t\t\t<div class=\"elementor-widget-container\">\n\t\t\t\t\t<h2 class=\"elementor-heading-title elementor-size-default\"><h1 style=\"font-weight: var( --e-global-typography-primary-font-weight );font-family: var( --e-global-typography-primary-font-family ), Sans-serif;line-height: var( --e-global-typography-primary-line-height );letter-spacing: normal;text-transform: none;font-style: normal\">Inscripci\u00f3n B\u00e1sica 60k o 82K&nbsp;<\/h1><h1 style=\"font-weight: var( --e-global-typography-primary-font-weight );font-family: var( --e-global-typography-primary-font-family ), Sans-serif;line-height: var( --e-global-typography-primary-line-height );letter-spacing: normal;text-transform: none;font-style: normal\"><span style=\"font-family: var( --e-global-typography-primary-font-family ), Sans-serif;font-size: var(--h1fontsize);font-weight: var( --e-global-typography-primary-font-weight );background-color: var( --e-global-color-c696dce )\">Reto L\u00edbano - Murillo - Alto De letras Version 4 - 2025<\/span><\/h1><\/h2>\t\t\t\t<\/div>\n\t\t\t\t<\/div>\n\t\t\t\t\t<\/div>\n\t\t\t\t<\/div>\n\t\t<div class=\"elementor-element elementor-element-42bcaf1 e-con-full e-flex e-con e-parent\" data-id=\"42bcaf1\" data-element_type=\"container\" data-e-type=\"container\">\n\t\t\t\t<div class=\"elementor-element elementor-element-fba4430 elementor-align-center elementor-widget elementor-widget-button\" data-id=\"fba4430\" data-element_type=\"widget\" data-e-type=\"widget\" data-widget_type=\"button.default\">\n\t\t\t\t<div class=\"elementor-widget-container\">\n\t\t\t\t\t\t\t\t\t<div class=\"elementor-button-wrapper\">\n\t\t\t\t\t<a class=\"elementor-button elementor-button-link elementor-size-sm\" href=\"https:\/\/retosmtbcolombia.com\/index.php\/producto\/inscripcion-basica-reto-mariquita-letras-2024-version-7\/\">\n\t\t\t\t\t\t<span class=\"elementor-button-content-wrapper\">\n\t\t\t\t\t\t\t\t\t<span class=\"elementor-button-text\"> Inscripci\u00f3n B\u00e1sica 60KM $80.000<\/span>\n\t\t\t\t\t<\/span>\n\t\t\t\t\t<\/a>\n\t\t\t\t<\/div>\n\t\t\t\t\t\t\t\t<\/div>\n\t\t\t\t<\/div>\n\t\t\t\t<div class=\"elementor-element elementor-element-4cb387b elementor-align-center elementor-widget elementor-widget-button\" data-id=\"4cb387b\" data-element_type=\"widget\" data-e-type=\"widget\" data-widget_type=\"button.default\">\n\t\t\t\t<div class=\"elementor-widget-container\">\n\t\t\t\t\t\t\t\t\t<div class=\"elementor-button-wrapper\">\n\t\t\t\t\t<a class=\"elementor-button elementor-button-link elementor-size-sm\" href=\"https:\/\/retosmtbcolombia.com\/index.php\/producto\/inscripcion-jersey-manga-larga-o-corta-220-000\/\">\n\t\t\t\t\t\t<span class=\"elementor-button-content-wrapper\">\n\t\t\t\t\t\t\t\t\t<span class=\"elementor-button-text\"> Inscripci\u00f3n B\u00e1sica 82KM $100.000 <\/span>\n\t\t\t\t\t<\/span>\n\t\t\t\t\t<\/a>\n\t\t\t\t<\/div>\n\t\t\t\t\t\t\t\t<\/div>\n\t\t\t\t<\/div>\n\t\t\t\t<\/div>\n\t\t<div class=\"elementor-element elementor-element-6efe485 e-flex e-con-boxed e-con e-parent\" data-id=\"6efe485\" data-element_type=\"container\" data-e-type=\"container\">\n\t\t\t\t\t<div class=\"e-con-inner\">\n\t\t<div class=\"elementor-element elementor-element-874cbb9 e-con-full e-flex e-con e-child\" data-id=\"874cbb9\" data-element_type=\"container\" data-e-type=\"container\">\n\t\t\t\t<div class=\"elementor-element elementor-element-2cd8141 e-transform elementor-widget elementor-widget-image\" data-id=\"2cd8141\" data-element_type=\"widget\" data-e-type=\"widget\" data-settings=\"{&quot;_transform_scale_effect&quot;:{&quot;unit&quot;:&quot;px&quot;,&quot;size&quot;:0.6,&quot;sizes&quot;:[]},&quot;_transform_scale_effect_tablet&quot;:{&quot;unit&quot;:&quot;px&quot;,&quot;size&quot;:&quot;&quot;,&quot;sizes&quot;:[]},&quot;_transform_scale_effect_mobile&quot;:{&quot;unit&quot;:&quot;px&quot;,&quot;size&quot;:&quot;&quot;,&quot;sizes&quot;:[]}}\" data-widget_type=\"image.default\">\n\t\t\t\t<div class=\"elementor-widget-container\">\n\t\t\t\t\t\t\t\t\t\t\t\t\t\t\t<img fetchpriority=\"high\" decoding=\"async\" width=\"546\" height=\"320\" src=\"https:\/\/retosmtbcolombia.com\/wp-content\/uploads\/2024\/10\/Imagen-de-WhatsApp-2024-10-01-a-las-17.29.01_66e4d4ae.jpg\" class=\"attachment-large size-large wp-image-2588\" alt=\"\" srcset=\"https:\/\/retosmtbcolombia.com\/wp-content\/uploads\/2024\/10\/Imagen-de-WhatsApp-2024-10-01-a-las-17.29.01_66e4d4ae.jpg 546w, https:\/\/retosmtbcolombia.com\/wp-content\/uploads\/2024\/10\/Imagen-de-WhatsApp-2024-10-01-a-las-17.29.01_66e4d4ae-300x176.jpg 300w\" sizes=\"(max-width: 546px) 100vw, 546px\" \/>\t\t\t\t\t\t\t\t\t\t\t\t\t\t\t<\/div>\n\t\t\t\t<\/div>\n\t\t\t\t<\/div>\n\t\t<div class=\"elementor-element elementor-element-b14f4ab e-con-full e-flex e-con e-child\" data-id=\"b14f4ab\" data-element_type=\"container\" data-e-type=\"container\">\n\t\t\t\t<div class=\"elementor-element elementor-element-684ca30 elementor-widget elementor-widget-heading\" data-id=\"684ca30\" data-element_type=\"widget\" data-e-type=\"widget\" data-widget_type=\"heading.default\">\n\t\t\t\t<div class=\"elementor-widget-container\">\n\t\t\t\t\t<h6 class=\"elementor-heading-title elementor-size-large\">TODAS LAS INSCRIPCI\u00d3NES INCLUYEN<\/h6>\t\t\t\t<\/div>\n\t\t\t\t<\/div>\n\t\t\t\t<div class=\"elementor-element elementor-element-067db89 elementor-widget elementor-widget-text-editor\" data-id=\"067db89\" data-element_type=\"widget\" data-e-type=\"widget\" data-widget_type=\"text-editor.default\">\n\t\t\t\t<div class=\"elementor-widget-container\">\n\t\t\t\t\t\t\t\t\t<p>&#8211; Tula <br \/>&#8211; Tablero <br \/>&#8211; Chip (cronometraje electr\u00f3nico)<br \/>&#8211; Medalla<br \/>&#8211; Altimetr\u00eda<br \/>&#8211; Seguro de accidentes<br \/>&#8211; Impermeable completo<br \/>&#8211; 2 pares de guantes<br \/>&#8211; Estuche celular<br \/>&#8211; Carama\u00f1ola<br \/>&#8211; Calcoman\u00edas<br \/>&#8211; Manilla<br \/>&#8211; Ficha Oficial de Inscripci\u00f3n<br \/>&#8211; Lubricante Cadena<br \/>&#8211; Snacks<br \/>&#8211; Refrigerio<br \/>&#8211; Zonas de hidrataci\u00f3n<br \/>&#8211; Zonas de bebida caliente<br \/>&#8211; Carro escoba<br \/>&#8211; Se\u00f1alizaci\u00f3n<br \/>&#8211; Mec\u00e1nica<br \/>&#8211; Primeros auxilios <br \/>&#8211; Grupo whatsapp<br \/>&#8211; Bono eleven (20%)<br \/>&#8211; Clasificaciones<br \/>&#8211; Diploma Digital <br \/>&#8211; Video (evento)<br \/>&#8211; Fotograf\u00eda (evento: 12.000 fotograf\u00edas)<br \/>&#8211; Llavero<br \/>&#8211; Obsequio<\/p>\t\t\t\t\t\t\t\t<\/div>\n\t\t\t\t<\/div>\n\t\t\t\t<\/div>\n\t\t\t\t\t<\/div>\n\t\t\t\t<\/div>\n\t\t<div class=\"elementor-element elementor-element-67c9b97 e-flex e-con-boxed e-con e-parent\" data-id=\"67c9b97\" data-element_type=\"container\" data-e-type=\"container\">\n\t\t\t\t\t<div class=\"e-con-inner\">\n\t\t\t\t<div class=\"elementor-element elementor-element-8fd82b5 elementor-widget elementor-widget-heading\" data-id=\"8fd82b5\" data-element_type=\"widget\" data-e-type=\"widget\" data-widget_type=\"heading.default\">\n\t\t\t\t<div class=\"elementor-widget-container\">\n\t\t\t\t\t<h2 class=\"elementor-heading-title elementor-size-default\">ALTIMETRIA<br>RETO L\u00cdBANO - MURILLO - ALTO DE LETRAS<\/h2>\t\t\t\t<\/div>\n\t\t\t\t<\/div>\n\t\t\t\t\t<\/div>\n\t\t\t\t<\/div>\n\t\t<div class=\"elementor-element elementor-element-8797496 e-flex e-con-boxed e-con e-parent\" data-id=\"8797496\" data-element_type=\"container\" data-e-type=\"container\">\n\t\t\t\t\t<div class=\"e-con-inner\">\n\t\t\t\t\t<\/div>\n\t\t\t\t<\/div>\n\t\t\t\t<\/div>\n\t\t","protected":false},"excerpt":{"rendered":"<p>Inscripci\u00f3n B\u00e1sica 60k o 82K&nbsp; Reto L\u00edbano &#8211; Murillo &#8211; Alto De letras Version 4 &#8211; 2025 Inscripci\u00f3n B\u00e1sica 60KM $80.000 Inscripci\u00f3n B\u00e1sica 82KM $100.000 TODAS LAS INSCRIPCI\u00d3NES INCLUYEN &#8211; Tula &#8211; Tablero &#8211; Chip (cronometraje electr\u00f3nico)&#8211; Medalla&#8211; Altimetr\u00eda&#8211; Seguro de accidentes&#8211; Impermeable completo&#8211; 2 pares de guantes&#8211; Estuche celular&#8211; Carama\u00f1ola&#8211; Calcoman\u00edas&#8211; Manilla&#8211; Ficha Oficial&hellip;&nbsp;<a href=\"https:\/\/retosmtbcolombia.com\/index.php\/reto-mariquita-letras-2024\/\" rel=\"bookmark\">Leer m\u00e1s &raquo;<span class=\"screen-reader-text\">Reto Mariquita Letras 2024<\/span><\/a><\/p>\n","protected":false},"author":1,"featured_media":0,"parent":0,"menu_order":0,"comment_status":"closed","ping_status":"closed","template":"page-templates\/template-pagebuilder-full-width.php","meta":{"om_disable_all_campaigns":false,"_monsterinsights_skip_tracking":false,"_monsterinsights_sitenote_active":false,"_monsterinsights_sitenote_note":"","_monsterinsights_sitenote_category":0,"_uf_show_specific_survey":0,"_uf_disable_surveys":false,"neve_meta_sidebar":"","neve_meta_container":"","neve_meta_enable_content_width":"","neve_meta_content_width":0,"neve_meta_title_alignment":"","neve_meta_author_avatar":"","neve_post_elements_order":"","neve_meta_disable_header":"","neve_meta_disable_footer":"","neve_meta_disable_title":"","footnotes":""},"class_list":["post-862","page","type-page","status-publish","hentry"],"aioseo_notices":[],"jetpack_sharing_enabled":true,"_links":{"self":[{"href":"https:\/\/retosmtbcolombia.com\/index.php\/wp-json\/wp\/v2\/pages\/862","targetHints":{"allow":["GET"]}}],"collection":[{"href":"https:\/\/retosmtbcolombia.com\/index.php\/wp-json\/wp\/v2\/pages"}],"about":[{"href":"https:\/\/retosmtbcolombia.com\/index.php\/wp-json\/wp\/v2\/types\/page"}],"author":[{"embeddable":true,"href":"https:\/\/retosmtbcolombia.com\/index.php\/wp-json\/wp\/v2\/users\/1"}],"replies":[{"embeddable":true,"href":"https:\/\/retosmtbcolombia.com\/index.php\/wp-json\/wp\/v2\/comments?post=862"}],"version-history":[{"count":91,"href":"https:\/\/retosmtbcolombia.com\/index.php\/wp-json\/wp\/v2\/pages\/862\/revisions"}],"predecessor-version":[{"id":2685,"href":"https:\/\/retosmtbcolombia.com\/index.php\/wp-json\/wp\/v2\/pages\/862\/revisions\/2685"}],"wp:attachment":[{"href":"https:\/\/retosmtbcolombia.com\/index.php\/wp-json\/wp\/v2\/media?parent=862"}],"curies":[{"name":"wp","href":"https:\/\/api.w.org\/{rel}","templated":true}]}}