{"id":930,"date":"2024-02-17T15:43:40","date_gmt":"2024-02-17T15:43:40","guid":{"rendered":"https:\/\/retosmtbcolombia.com\/?post_type=product&#038;p=930"},"modified":"2025-01-13T15:37:28","modified_gmt":"2025-01-13T15:37:28","slug":"inscripcion-basica-reto-mariquita-letras-2024-version-7","status":"publish","type":"product","link":"https:\/\/retosmtbcolombia.com\/index.php\/producto\/inscripcion-basica-reto-mariquita-letras-2024-version-7\/","title":{"rendered":"Inscripci\u00f3n B\u00e1sica 60K RETO L\u00edbano y Murillo &#8211; Alto De Letras\u00a0Versi\u00f3n\u00a04\u00a02025"},"content":{"rendered":"<p>&nbsp;<\/p>\n<p>&nbsp;<\/p>\n","protected":false},"excerpt":{"rendered":"<p><img fetchpriority=\"high\" decoding=\"async\" class=\"aligncenter wp-image-2617 size-large\" src=\"http:\/\/retosmtbcolombia.com\/wp-content\/uploads\/2024\/02\/aaaa-1024x576.jpg\" alt=\"\" width=\"1024\" height=\"576\" srcset=\"https:\/\/retosmtbcolombia.com\/wp-content\/uploads\/2024\/02\/aaaa-1024x576.jpg 1024w, https:\/\/retosmtbcolombia.com\/wp-content\/uploads\/2024\/02\/aaaa-300x169.jpg 300w, https:\/\/retosmtbcolombia.com\/wp-content\/uploads\/2024\/02\/aaaa-768x432.jpg 768w, https:\/\/retosmtbcolombia.com\/wp-content\/uploads\/2024\/02\/aaaa-1536x864.jpg 1536w, https:\/\/retosmtbcolombia.com\/wp-content\/uploads\/2024\/02\/aaaa-2048x1152.jpg 2048w, https:\/\/retosmtbcolombia.com\/wp-content\/uploads\/2024\/02\/aaaa-1320x743.jpg 1320w, https:\/\/retosmtbcolombia.com\/wp-content\/uploads\/2024\/02\/aaaa-600x338.jpg 600w\" sizes=\"(max-width: 1024px) 100vw, 1024px\" \/><\/p>\n<p><img decoding=\"async\" class=\"alignnone wp-image-3294 size-full\" src=\"http:\/\/retosmtbcolombia.com\/wp-content\/uploads\/2024\/02\/Imagen-de-WhatsApp-2024-11-01-a-las-07.16.28_dde6ee50.jpg\" alt=\"\" width=\"1365\" height=\"1221\" srcset=\"https:\/\/retosmtbcolombia.com\/wp-content\/uploads\/2024\/02\/Imagen-de-WhatsApp-2024-11-01-a-las-07.16.28_dde6ee50.jpg 1365w, https:\/\/retosmtbcolombia.com\/wp-content\/uploads\/2024\/02\/Imagen-de-WhatsApp-2024-11-01-a-las-07.16.28_dde6ee50-300x268.jpg 300w, https:\/\/retosmtbcolombia.com\/wp-content\/uploads\/2024\/02\/Imagen-de-WhatsApp-2024-11-01-a-las-07.16.28_dde6ee50-1024x916.jpg 1024w, https:\/\/retosmtbcolombia.com\/wp-content\/uploads\/2024\/02\/Imagen-de-WhatsApp-2024-11-01-a-las-07.16.28_dde6ee50-768x687.jpg 768w, https:\/\/retosmtbcolombia.com\/wp-content\/uploads\/2024\/02\/Imagen-de-WhatsApp-2024-11-01-a-las-07.16.28_dde6ee50-1320x1181.jpg 1320w, https:\/\/retosmtbcolombia.com\/wp-content\/uploads\/2024\/02\/Imagen-de-WhatsApp-2024-11-01-a-las-07.16.28_dde6ee50-600x537.jpg 600w\" sizes=\"(max-width: 1365px) 100vw, 1365px\" \/><\/p>\n<p>&nbsp;<\/p>\n<p><img decoding=\"async\" class=\"aligncenter wp-image-2620 size-large\" src=\"http:\/\/retosmtbcolombia.com\/wp-content\/uploads\/2024\/02\/Sin-titulo-2-1-1024x576.jpg\" alt=\"\" width=\"1024\" height=\"576\" srcset=\"https:\/\/retosmtbcolombia.com\/wp-content\/uploads\/2024\/02\/Sin-titulo-2-1-1024x576.jpg 1024w, https:\/\/retosmtbcolombia.com\/wp-content\/uploads\/2024\/02\/Sin-titulo-2-1-300x169.jpg 300w, https:\/\/retosmtbcolombia.com\/wp-content\/uploads\/2024\/02\/Sin-titulo-2-1-768x432.jpg 768w, https:\/\/retosmtbcolombia.com\/wp-content\/uploads\/2024\/02\/Sin-titulo-2-1-1536x864.jpg 1536w, https:\/\/retosmtbcolombia.com\/wp-content\/uploads\/2024\/02\/Sin-titulo-2-1-2048x1152.jpg 2048w, https:\/\/retosmtbcolombia.com\/wp-content\/uploads\/2024\/02\/Sin-titulo-2-1-1320x743.jpg 1320w, https:\/\/retosmtbcolombia.com\/wp-content\/uploads\/2024\/02\/Sin-titulo-2-1-600x338.jpg 600w\" sizes=\"(max-width: 1024px) 100vw, 1024px\" \/><\/p>\n","protected":false},"featured_media":2600,"comment_status":"open","ping_status":"closed","template":"","meta":{"om_disable_all_campaigns":false,"_monsterinsights_skip_tracking":false,"_monsterinsights_sitenote_active":false,"_monsterinsights_sitenote_note":"","_monsterinsights_sitenote_category":0,"_uf_show_specific_survey":0,"_uf_disable_surveys":false,"neve_meta_sidebar":"","neve_meta_container":"","neve_meta_enable_content_width":"off","neve_meta_content_width":100,"neve_meta_title_alignment":"","neve_meta_author_avatar":"","neve_post_elements_order":"","neve_meta_disable_header":"","neve_meta_disable_footer":"","neve_meta_disable_title":""},"pwb-brand":[],"product_brand":[],"product_cat":[21,37],"product_tag":[38],"class_list":{"0":"post-930","1":"product","2":"type-product","3":"status-publish","4":"has-post-thumbnail","6":"product_cat-alto-de-letras-2024","7":"product_cat-mariquita-letras","8":"product_tag-mariquita-letras","10":"first","11":"outofstock","12":"taxable","13":"shipping-taxable","14":"purchasable","15":"product-type-simple"},"aioseo_notices":[],"jetpack_sharing_enabled":true,"brands":[],"_links":{"self":[{"href":"https:\/\/retosmtbcolombia.com\/index.php\/wp-json\/wp\/v2\/product\/930","targetHints":{"allow":["GET"]}}],"collection":[{"href":"https:\/\/retosmtbcolombia.com\/index.php\/wp-json\/wp\/v2\/product"}],"about":[{"href":"https:\/\/retosmtbcolombia.com\/index.php\/wp-json\/wp\/v2\/types\/product"}],"replies":[{"embeddable":true,"href":"https:\/\/retosmtbcolombia.com\/index.php\/wp-json\/wp\/v2\/comments?post=930"}],"version-history":[{"count":14,"href":"https:\/\/retosmtbcolombia.com\/index.php\/wp-json\/wp\/v2\/product\/930\/revisions"}],"predecessor-version":[{"id":3296,"href":"https:\/\/retosmtbcolombia.com\/index.php\/wp-json\/wp\/v2\/product\/930\/revisions\/3296"}],"wp:featuredmedia":[{"embeddable":true,"href":"https:\/\/retosmtbcolombia.com\/index.php\/wp-json\/wp\/v2\/media\/2600"}],"wp:attachment":[{"href":"https:\/\/retosmtbcolombia.com\/index.php\/wp-json\/wp\/v2\/media?parent=930"}],"wp:term":[{"taxonomy":"pwb-brand","embeddable":true,"href":"https:\/\/retosmtbcolombia.com\/index.php\/wp-json\/wp\/v2\/pwb-brand?post=930"},{"taxonomy":"product_brand","embeddable":true,"href":"https:\/\/retosmtbcolombia.com\/index.php\/wp-json\/wp\/v2\/product_brand?post=930"},{"taxonomy":"product_cat","embeddable":true,"href":"https:\/\/retosmtbcolombia.com\/index.php\/wp-json\/wp\/v2\/product_cat?post=930"},{"taxonomy":"product_tag","embeddable":true,"href":"https:\/\/retosmtbcolombia.com\/index.php\/wp-json\/wp\/v2\/product_tag?post=930"}],"curies":[{"name":"wp","href":"https:\/\/api.w.org\/{rel}","templated":true}]}}